{"id":76,"date":"2022-03-30T18:53:52","date_gmt":"2022-03-30T16:53:52","guid":{"rendered":"http:\/\/cpak.fr\/?page_id=76"},"modified":"2022-03-30T20:04:49","modified_gmt":"2022-03-30T18:04:49","slug":"76-2","status":"publish","type":"page","link":"https:\/\/cpak.fr\/","title":{"rendered":"Accueil"},"content":{"rendered":"\n<p class=\"has-large-font-size\" style=\"letter-spacing:2px\"><br><strong>Notre m\u00e9tier&nbsp;: la pr\u00e9servation et la conservation du patrimoine culturel<\/strong><\/p>\n\n\n\n<p style=\"letter-spacing:2px\"><br>Nos prestations s\u2019adressent \u00e0 tous ceux qui ont des collections qu\u2019ils souhaitent pr\u00e9server&nbsp;:<\/p>\n\n\n\n<ul class=\"wp-block-list\" style=\"letter-spacing:2px\"><li>mus\u00e9es publics et priv\u00e9s<\/li><li>fondations<\/li><li>centre de conservation et d\u2019\u00e9tude (CCE), p\u00f4le de conservation et d\u2019\u00e9tude (PCE), d\u00e9p\u00f4ts de fouilles arch\u00e9ologiques<\/li><li>transporteurs d\u2019\u0153uvres d\u2019art<\/li><li>biblioth\u00e8ques, Archives<\/li><li>galerie d\u2019art<\/li><li>salle des ventes<\/li><li>collectionneurs<\/li><li>\u2026.<\/li><\/ul>\n\n\n\n<p><\/p>\n\n\n\n<p>Et \u00e0 toutes les \u00e9chelles&nbsp;:<\/p>\n\n\n\n<ul class=\"wp-block-list\"><li>quelques objets<\/li><li>une typologie de collections<\/li><li>une salle d\u2019exposition ou de r\u00e9serve<\/li><li>un \u00e9tablissement&nbsp;\/ un site<\/li><\/ul>\n","protected":false},"excerpt":{"rendered":"<p>Notre m\u00e9tier&nbsp;: la pr\u00e9servation et la conservation du patrimoine culturel Nos prestations s\u2019adressent \u00e0 tous ceux qui ont des collections qu\u2019ils souhaitent pr\u00e9server&nbsp;: mus\u00e9es publics et priv\u00e9s fondations centre de conservation et d\u2019\u00e9tude (CCE), p\u00f4le de conservation et d\u2019\u00e9tude (PCE), d\u00e9p\u00f4ts de fouilles arch\u00e9ologiques transporteurs d\u2019\u0153uvres d\u2019art biblioth\u00e8ques, Archives galerie &hellip;<\/p>\n","protected":false},"author":1,"featured_media":23,"parent":0,"menu_order":1,"comment_status":"closed","ping_status":"closed","template":"","meta":{"footnotes":""},"class_list":["post-76","page","type-page","status-publish","has-post-thumbnail","hentry"],"_links":{"self":[{"href":"https:\/\/cpak.fr\/index.php?rest_route=\/wp\/v2\/pages\/76","targetHints":{"allow":["GET"]}}],"collection":[{"href":"https:\/\/cpak.fr\/index.php?rest_route=\/wp\/v2\/pages"}],"about":[{"href":"https:\/\/cpak.fr\/index.php?rest_route=\/wp\/v2\/types\/page"}],"author":[{"embeddable":true,"href":"https:\/\/cpak.fr\/index.php?rest_route=\/wp\/v2\/users\/1"}],"replies":[{"embeddable":true,"href":"https:\/\/cpak.fr\/index.php?rest_route=%2Fwp%2Fv2%2Fcomments&post=76"}],"version-history":[{"count":5,"href":"https:\/\/cpak.fr\/index.php?rest_route=\/wp\/v2\/pages\/76\/revisions"}],"predecessor-version":[{"id":116,"href":"https:\/\/cpak.fr\/index.php?rest_route=\/wp\/v2\/pages\/76\/revisions\/116"}],"wp:featuredmedia":[{"embeddable":true,"href":"https:\/\/cpak.fr\/index.php?rest_route=\/wp\/v2\/media\/23"}],"wp:attachment":[{"href":"https:\/\/cpak.fr\/index.php?rest_route=%2Fwp%2Fv2%2Fmedia&parent=76"}],"curies":[{"name":"wp","href":"https:\/\/api.w.org\/{rel}","templated":true}]}}